{"id":5707,"date":"2015-02-19T09:48:19","date_gmt":"2015-02-19T09:48:19","guid":{"rendered":"http:\/\/demo2.wpresidence.net\/?page_id=5707"},"modified":"2023-11-26T05:12:17","modified_gmt":"2023-11-26T04:12:17","slug":"contacto","status":"publish","type":"page","link":"https:\/\/alternativabc.mx\/?page_id=5707","title":{"rendered":"Contacto"},"content":{"rendered":"\n<p>\u00danete a la gran familia de <strong>Alternativa B.C.<\/strong><br>Escribe tu propia historia dentro de una compa\u00f1\u00eda l\u00edder en el sector inmobiliario.<\/p>\n\n\n\n<div style=\"height:20px\" aria-hidden=\"true\" class=\"wp-block-spacer\"><\/div>\n\n\n\n<p>Ya sea que est\u00e9 buscando una propiedad en venta en Baja California o una propiedad en Renta, <strong>Alternativa BC<\/strong> facilita la b\u00fasqueda. Ofrecemos a nuestros clientes una gran cantidad de conocimientos sobre todos los aspectos de la compra, venta o renta de un inmueble<\/p>\n\n\n\n<div style=\"height:20px\" aria-hidden=\"true\" class=\"wp-block-spacer\"><\/div>\n\n\n\n<p>No dude en contactarnos para cualquier pregunta..<\/p>\n","protected":false},"excerpt":{"rendered":"<p>\u00danete a la gran familia de Alternativa B.C.Escribe tu propia historia dentro de una compa\u00f1\u00eda l\u00edder en el sector inmobiliario. Ya sea que est\u00e9 buscando una propiedad en venta en Baja California o una propiedad en Renta, Alternativa BC facilita la b\u00fasqueda. Ofrecemos a nuestros clientes una gran cantidad de conocimientos sobre todos los aspectos de la compra, venta o renta de un inmueble &#8230;<\/p>\n","protected":false},"author":1,"featured_media":0,"parent":0,"menu_order":0,"comment_status":"open","ping_status":"open","template":"contact_page.php","meta":{"content-type":"","footnotes":""},"_links":{"self":[{"href":"https:\/\/alternativabc.mx\/index.php?rest_route=\/wp\/v2\/pages\/5707"}],"collection":[{"href":"https:\/\/alternativabc.mx\/index.php?rest_route=\/wp\/v2\/pages"}],"about":[{"href":"https:\/\/alternativabc.mx\/index.php?rest_route=\/wp\/v2\/types\/page"}],"author":[{"embeddable":true,"href":"https:\/\/alternativabc.mx\/index.php?rest_route=\/wp\/v2\/users\/1"}],"replies":[{"embeddable":true,"href":"https:\/\/alternativabc.mx\/index.php?rest_route=%2Fwp%2Fv2%2Fcomments&post=5707"}],"version-history":[{"count":0,"href":"https:\/\/alternativabc.mx\/index.php?rest_route=\/wp\/v2\/pages\/5707\/revisions"}],"wp:attachment":[{"href":"https:\/\/alternativabc.mx\/index.php?rest_route=%2Fwp%2Fv2%2Fmedia&parent=5707"}],"curies":[{"name":"wp","href":"https:\/\/api.w.org\/{rel}","templated":true}]}}